{"id":13,"date":"2019-11-06T21:57:08","date_gmt":"2019-11-06T20:57:08","guid":{"rendered":"http:\/\/komornikostrzeszow.pl\/?page_id=13"},"modified":"2023-10-20T11:50:55","modified_gmt":"2023-10-20T10:50:55","slug":"kontakt","status":"publish","type":"page","link":"http:\/\/komornikostrzeszow.pl\/?page_id=13","title":{"rendered":"Kontakt"},"content":{"rendered":"\n<p><strong>Komornik S\u0105dowy przy S\u0105dzie Rejonowym w Ostrzeszowie <\/strong><\/p>\n\n\n\n<p><strong>Marek Stolarczyk<br>Kancelaria nr II w Ostrzeszowie<\/strong><\/p>\n\n\n\n<p>63-500 Ostrzesz\u00f3w&nbsp;ul. Przemys\u0142owa 9<br><strong>Telefon:<\/strong>&nbsp;(62)-732-28-30<strong> <\/strong><\/p>\n\n\n\n<p><strong>e-mail:<\/strong>&nbsp;ostrzeszow@komornik.pl<\/p>\n\n\n\n<p><strong>Alimenty:<\/strong>&nbsp;tel. (wew.2)&nbsp;<\/p>\n\n\n\n<p><strong>FAX<\/strong>: tel (wew.9)<\/p>\n\n\n\n<p><strong>e-mail:&nbsp;<\/strong>alimenty@komornikostrzeszow.pl<\/p>\n\n\n\n<p><strong>IOD:&nbsp;<\/strong>iod.ostrzeszow.002@komornik.pl <\/p>\n\n\n\n<p><strong>Godziny otwarcia kancelarii:<\/strong><\/p>\n\n\n\n<p>od poniedzia\u0142ku do pi\u0105tku 7.30 &#8211; 15.30<\/p>\n\n\n\n<p><strong>Przyj<\/strong><strong>\u0119<\/strong><strong>cia interesant\u00f3w:<\/strong>&nbsp;&nbsp;&nbsp;<\/p>\n\n\n\n<p>Czwartek: \u00a0 10.00 &#8211; 15.00<\/p>\n\n\n\n<p><strong>Konto bankowe:<\/strong><\/p>\n\n\n\n<p>BANK: PKO BP<br>NR KONTA: 45 10202241 0000 2202 0012 9940<br>Kancelaria korzysta z systemu kont bankowych SIMP do ka\u017cdej sprawy przypisany jest indywidualny numer rachunku bankowego<\/p>\n\n\n\n<p> Adres ePUAP(ezbiegi):&nbsp;\/KS_Marek_Stolarczyk\/ezbiegi <\/p>\n\n\n\n<p><strong>Izba Komornicza w \u0141odzi&nbsp;<\/strong><\/p>\n","protected":false},"excerpt":{"rendered":"<p>Komornik S\u0105dowy przy S\u0105dzie Rejonowym w Ostrzeszowie Marek StolarczykKancelaria nr II w Ostrzeszowie 63-500 Ostrzesz\u00f3w&nbsp;ul. Przemys\u0142owa 9Telefon:&nbsp;(62)-732-28-30 e-mail:&nbsp;ostrzeszow@komornik.pl Alimenty:&nbsp;tel. (wew.2)&nbsp; FAX: tel (wew.9) e-mail:&nbsp;alimenty@komornikostrzeszow.pl IOD:&nbsp;iod.ostrzeszow.002@komornik.pl Godziny otwarcia kancelarii: od poniedzia\u0142ku do pi\u0105tku 7.30 &#8211; 15.30 Przyj\u0119cia interesant\u00f3w:&nbsp;&nbsp;&nbsp; Czwartek: \u00a0 10.00 &#8211; 15.00 Konto bankowe: BANK: PKO BPNR KONTA: 45 10202241 0000 2202 0012 9940Kancelaria korzysta <\/p>\n<div class=\"read-more-div\"><a class=\"read-more-button\" href=\"http:\/\/komornikostrzeszow.pl\/?page_id=13\">Read More &raquo;<\/a><\/div>\n","protected":false},"author":1,"featured_media":0,"parent":0,"menu_order":0,"comment_status":"closed","ping_status":"closed","template":"","meta":{"footnotes":""},"_links":{"self":[{"href":"http:\/\/komornikostrzeszow.pl\/index.php?rest_route=\/wp\/v2\/pages\/13"}],"collection":[{"href":"http:\/\/komornikostrzeszow.pl\/index.php?rest_route=\/wp\/v2\/pages"}],"about":[{"href":"http:\/\/komornikostrzeszow.pl\/index.php?rest_route=\/wp\/v2\/types\/page"}],"author":[{"embeddable":true,"href":"http:\/\/komornikostrzeszow.pl\/index.php?rest_route=\/wp\/v2\/users\/1"}],"replies":[{"embeddable":true,"href":"http:\/\/komornikostrzeszow.pl\/index.php?rest_route=%2Fwp%2Fv2%2Fcomments&post=13"}],"version-history":[{"count":6,"href":"http:\/\/komornikostrzeszow.pl\/index.php?rest_route=\/wp\/v2\/pages\/13\/revisions"}],"predecessor-version":[{"id":373,"href":"http:\/\/komornikostrzeszow.pl\/index.php?rest_route=\/wp\/v2\/pages\/13\/revisions\/373"}],"wp:attachment":[{"href":"http:\/\/komornikostrzeszow.pl\/index.php?rest_route=%2Fwp%2Fv2%2Fmedia&parent=13"}],"curies":[{"name":"wp","href":"https:\/\/api.w.org\/{rel}","templated":true}]}}