{"id":12,"date":"2019-11-06T21:57:08","date_gmt":"2019-11-06T20:57:08","guid":{"rendered":"http:\/\/komornikostrzeszow.pl\/?page_id=12"},"modified":"2020-02-27T09:29:23","modified_gmt":"2020-02-27T08:29:23","slug":"dokumenty","status":"publish","type":"page","link":"http:\/\/komornikostrzeszow.pl\/?page_id=12","title":{"rendered":"Dokumenty"},"content":{"rendered":"\nDokumenty te mo\u017cna nades\u0142a\u0107 listownie. We wniosku o wszcz\u0119cie egzekucji nale\u017cy wskaza\u0107 \u015bwiadczenie, kt\u00f3re ma by\u0107 spe\u0142nione oraz sposoby egzekucji. Ponadto wierzyciel mo\u017ce poda\u0107 wszelkie mo\u017cliwe informacje, kt\u00f3re mog\u0105 by\u0107 pomocne w skutecznej egzekucji np. <strong>PESEL, NIP, REGON, nr dowodu d\u0142u\u017cnika<\/strong>. W ramach sposob\u00f3w egzekucji wystarczy wskazanie np. banku w kt\u00f3rym d\u0142u\u017cnik posiada rachunek bankowy, przedsi\u0119biorstwa z kt\u00f3rym zawiera transakcje i dokonuje rozlicze\u0144, numeru rejestracyjnego pojazdu kt\u00f3rym si\u0119 porusza. Je\u017celi wierzyciel nie ma informacji na temat maj\u0105tku d\u0142u\u017cnika, mo\u017ce zleci\u0107 komornikowi jego poszukiwanie.<\/p>\n\n\n\n<p><\/p>\n\n\n\n<ul><li><a href=\"http:\/\/komornikostrzeszow.pl\/wp-content\/uploads\/2020\/02\/KM.doc\">Wniosek o wszcz\u0119cie egzekucji KM  (doc)<\/a><\/li><li><a href=\"http:\/\/ http:\/\/komornikostrzeszow.pl\/wp-content\/uploads\/2020\/02\/KM.pdf\">Wniosek o wszcz\u0119cie egzekucji KM  (pdf)<\/a><\/li><li><\/li><li><a href=\"http:\/\/komornikostrzeszow.pl\/wp-content\/uploads\/2020\/02\/IN.doc\">Wniosek o sporz\u0105dzenie i przeprowadzenie spisu inwentarza  (doc)<\/a><\/li><li><a href=\"http:\/\/komornikostrzeszow.pl\/wp-content\/uploads\/2020\/02\/IN.pdf\">Wniosek o sporz\u0105dzenie i przeprowadzenie spisu inwentarza (pdf)<\/a><\/li><li><\/li><li><a href=\"http:\/\/komornikostrzeszow.pl\/wp-content\/uploads\/2020\/02\/KMP.doc\">Wniosek o wszcz\u0119cie egzekucji nale\u017cno\u015bci alimentacyjne (doc)<\/a><\/li><li><a href=\"http:\/\/komornikostrzeszow.pl\/wp-content\/uploads\/2020\/02\/KMP.pdf\">Wniosek o wszcz\u0119cie egzekucji nale\u017cno\u015bci alimentacyjne (pdf)<\/a><\/li><li><a href=\"http:\/\/komornikostrzeszow.pl\/wp-content\/uploads\/2020\/02\/wniosek-do-fa.doc\">Wniosek o wydanie za\u015bwiadczenia do FA (doc)<\/a><\/li><li><a href=\"http:\/\/komornikostrzeszow.pl\/wp-content\/uploads\/2020\/02\/wniosek-do-fa.pdf\">Wniosek o wydanie za\u015bwiadczenia do FA (pdf)<\/a> <\/li><li><a href=\"http:\/\/komornikostrzeszow.pl\/wp-content\/uploads\/2020\/02\/wniosek-o-podwyzszone-aliment\u00f3w.doc\">Wniosek o egzekucj\u0119 podwy\u017cszonych aliment\u00f3w (doc) <\/a><\/li><li><a href=\"http:\/\/komornikostrzeszow.pl\/wp-content\/uploads\/2020\/02\/wniosek-o-podwyzszone-aliment\u00f3w.pdf\">Wniosek o egzekucj\u0119 podwy\u017cszonych aliment\u00f3w (pdf)<\/a><\/li><li>    <\/li><li><a href=\"http:\/\/komornikostrzeszow.pl\/wp-content\/uploads\/2020\/02\/Wniosekdoreczenie.pdf\">Wniosek o dor\u0119czenie pisma przez komornika (pdf)<\/a><\/li><li><a href=\"http:\/\/komornikostrzeszow.pl\/wp-content\/uploads\/2020\/02\/Wniosekdoreczenie.doc\">Wniosek o dor\u0119czenie pisma przez komornika (doc)<\/a> <\/li><\/ul>\n","protected":false},"excerpt":{"rendered":"<p>Dokumenty te mo\u017cna nades\u0142a\u0107 listownie. We wniosku o wszcz\u0119cie egzekucji nale\u017cy wskaza\u0107 \u015bwiadczenie, kt\u00f3re ma by\u0107 spe\u0142nione oraz sposoby egzekucji. Ponadto wierzyciel mo\u017ce poda\u0107 wszelkie mo\u017cliwe informacje, kt\u00f3re mog\u0105 by\u0107 pomocne w skutecznej egzekucji np. PESEL, NIP, REGON, nr dowodu d\u0142u\u017cnika. W ramach sposob\u00f3w egzekucji wystarczy wskazanie np. banku w kt\u00f3rym d\u0142u\u017cnik posiada rachunek bankowy, <\/p>\n<div class=\"read-more-div\"><a class=\"read-more-button\" href=\"http:\/\/komornikostrzeszow.pl\/?page_id=12\">Read More &raquo;<\/a><\/div>\n","protected":false},"author":1,"featured_media":0,"parent":0,"menu_order":0,"comment_status":"closed","ping_status":"closed","template":"","meta":{"footnotes":""},"_links":{"self":[{"href":"http:\/\/komornikostrzeszow.pl\/index.php?rest_route=\/wp\/v2\/pages\/12"}],"collection":[{"href":"http:\/\/komornikostrzeszow.pl\/index.php?rest_route=\/wp\/v2\/pages"}],"about":[{"href":"http:\/\/komornikostrzeszow.pl\/index.php?rest_route=\/wp\/v2\/types\/page"}],"author":[{"embeddable":true,"href":"http:\/\/komornikostrzeszow.pl\/index.php?rest_route=\/wp\/v2\/users\/1"}],"replies":[{"embeddable":true,"href":"http:\/\/komornikostrzeszow.pl\/index.php?rest_route=%2Fwp%2Fv2%2Fcomments&post=12"}],"version-history":[{"count":7,"href":"http:\/\/komornikostrzeszow.pl\/index.php?rest_route=\/wp\/v2\/pages\/12\/revisions"}],"predecessor-version":[{"id":85,"href":"http:\/\/komornikostrzeszow.pl\/index.php?rest_route=\/wp\/v2\/pages\/12\/revisions\/85"}],"wp:attachment":[{"href":"http:\/\/komornikostrzeszow.pl\/index.php?rest_route=%2Fwp%2Fv2%2Fmedia&parent=12"}],"curies":[{"name":"wp","href":"https:\/\/api.w.org\/{rel}","templated":true}]}}